{"id":152,"date":"2024-01-22T21:23:51","date_gmt":"2024-01-22T20:23:51","guid":{"rendered":"https:\/\/www.atescotes.org\/WPLocal\/?page_id=152"},"modified":"2025-07-29T10:08:06","modified_gmt":"2025-07-29T08:08:06","slug":"inscriptions","status":"publish","type":"page","link":"https:\/\/www.atescotes.org\/WPLocal\/inscriptions\/","title":{"rendered":"Inscriptions"},"content":{"rendered":"\n<h5 class=\"wp-block-heading\">Vous d\u00e9sirez participer \u00e0 un groupe de soutien ou une conf\u00e9rence ?<\/h5>\n\n\n\n<p>Contactez-nous par mail ou par t\u00e9l\u00e9phone. Vous trouverez ci-dessous toutes les informations selon votre r\u00e9gion.<br><br><\/p>\n\n\n\n<div class=\"wp-block-group alignwide is-layout-constrained wp-container-core-group-is-layout-5a30f31b wp-block-group-is-layout-constrained\">\n<div class=\"wp-block-group is-layout-flow wp-container-core-group-is-layout-548c0a7b wp-block-group-is-layout-flow\" style=\"margin-top:0;margin-bottom:0;padding-top:0;padding-right:0;padding-bottom:0;padding-left:0\">\n<div class=\"wp-block-columns is-layout-flex wp-container-core-columns-is-layout-8b29b660 wp-block-columns-is-layout-flex\" style=\"padding-right:0;padding-left:0\">\n<div class=\"wp-block-column is-vertically-aligned-bottom is-content-justification-left is-layout-constrained wp-container-core-column-is-layout-4e6a0582 wp-block-column-is-layout-constrained\" style=\"padding-right:0;padding-left:0\">\n<p class=\"has-text-align-left has-raft-accent-color has-text-color has-link-color wp-elements-305524763b0f1248b0e75a31c629a8df\" style=\"padding-top:0;padding-bottom:0\"><strong>DOUR<\/strong>                                                                                                                     <strong>Rosanna G\u00e9va-Ferrarini<\/strong><br>065\/65 53 38 ou 0494\/28 45 57<br><a href=\"mailto:geva.samuel@gmail.com\">geva.samuel@gmail.com<\/a><\/p>\n\n\n\n<div class=\"wp-block-group is-layout-flow wp-container-core-group-is-layout-a77db08e wp-block-group-is-layout-flow\">\n<p class=\"has-text-align-left has-raft-accent-color has-text-color has-link-color wp-elements-3d4009cff532fd3694c6ca0f04949f99\" style=\"padding-top:0;padding-bottom:0\"><strong>CHAMPION<\/strong><\/p>\n\n\n\n<p class=\"has-raft-accent-color has-text-color has-link-color wp-elements-ca0734b9540350a8cd203e90d556b569\"><strong>Patrick Van gaver<\/strong><\/p>\n\n\n\n<p class=\"has-raft-accent-color has-text-color has-link-color wp-elements-a82cdd1e3e2e65019d0427b494b2545f\">0499\/039 45 15<\/p>\n<\/div>\n\n\n\n<p><\/p>\n\n\n\n<div class=\"wp-block-group is-layout-flow wp-container-core-group-is-layout-a77db08e wp-block-group-is-layout-flow\">\n<p class=\"has-raft-accent-color has-text-color has-link-color wp-elements-8569e0452ee73f298a53198d416d6477\"><strong>CHARLEROI<\/strong><\/p>\n\n\n\n<p class=\"has-text-align-left has-raft-accent-color has-text-color has-link-color wp-elements-b686d2fafa45b4ca17e9b3a6270e7f24\"><strong>Elissavet Pedziwiatr-Nikola\u00efdou<\/strong><br>&nbsp;071\/39 70 75 ou 0475\/47 10 47<br><a href=\"mailto:elissavet@live.be\">elissavet@live.be<\/a><\/p>\n<\/div>\n\n\n\n<p><\/p>\n\n\n\n<div class=\"wp-block-group is-layout-flow wp-container-core-group-is-layout-a77db08e wp-block-group-is-layout-flow\">\n<p class=\"has-raft-accent-color has-text-color has-link-color wp-elements-0fed68ef9ca774995a60cff63fb7e311\"><\/p>\n<\/div>\n\n\n\n<p class=\"has-text-align-left has-raft-accent-color has-text-color has-link-color wp-elements-22c651c604c5c975db3e8a18330fa5f4\"><\/p>\n\n\n\n<p class=\"has-text-align-left\"><\/p>\n\n\n\n<p><\/p>\n\n\n\n<p><\/p>\n\n\n\n<p class=\"has-text-align-left has-raft-accent-color has-text-color has-link-color wp-elements-0921d87d108b63985ba7b69e7e70e7f4\" style=\"padding-top:0;padding-right:0;padding-bottom:0;padding-left:0\"><\/p>\n\n\n\n<div class=\"wp-block-group is-layout-flow wp-container-core-group-is-layout-a77db08e wp-block-group-is-layout-flow\">\n<p class=\"has-text-align-left\" style=\"padding-top:0;padding-right:0;padding-bottom:0;padding-left:0\"><\/p>\n<\/div>\n\n\n\n<div class=\"wp-block-group is-layout-flow wp-container-core-group-is-layout-a77db08e wp-block-group-is-layout-flow\">\n<p class=\"has-text-align-left has-raft-accent-color has-text-color has-link-color wp-elements-22c651c604c5c975db3e8a18330fa5f4\"><\/p>\n\n\n\n<p class=\"has-text-align-left\"><\/p>\n<\/div>\n\n\n\n<div class=\"wp-block-group is-layout-constrained wp-container-core-group-is-layout-19e250f3 wp-block-group-is-layout-constrained\">\n<p class=\"has-text-align-left has-raft-accent-color has-text-color has-link-color wp-elements-8cbfdd3a04bfe910b8c257388e1ad51b\" style=\"padding-top:0;padding-bottom:0\"><\/p>\n\n\n\n<p class=\"has-text-align-left\" style=\"padding-top:0;padding-bottom:0\"><\/p>\n<\/div>\n<\/div>\n\n\n\n<div class=\"wp-block-column is-vertically-aligned-top is-layout-constrained wp-block-column-is-layout-constrained\" style=\"padding-top:0;padding-bottom:0\">\n<div class=\"wp-block-group is-layout-flow wp-container-core-group-is-layout-a77db08e wp-block-group-is-layout-flow\">\n<p class=\"has-raft-accent-color has-text-color has-link-color wp-elements-0d78353ecabe7c162c6e877236b688ff\"><strong>HERSTAL et SERAING<\/strong><\/p>\n\n\n\n<p class=\"has-raft-accent-color has-text-color has-link-color wp-elements-6505ec658dc1ca4ac8f6aed74a124728\"><strong>Myriam Decot<\/strong><br>0499\/27 12 76<br><a href=\"mailto:elissavet@live.be\">decotmyriam@gmail.com<\/a><\/p>\n<\/div>\n\n\n\n<p><\/p>\n\n\n\n<div class=\"wp-block-group is-layout-flow wp-container-core-group-is-layout-a77db08e wp-block-group-is-layout-flow\">\n<p class=\"has-raft-accent-color has-text-color has-link-color wp-elements-c03409f71a11c69ffaebdd978b3cde9e\"><strong>LA LOUVIERE<\/strong><\/p>\n\n\n\n<p class=\"has-raft-accent-color has-text-color has-link-color wp-elements-c8e22c6efb82aade4952fab1ea5725e2\"><strong>Angela Azzarello<\/strong><\/p>\n\n\n\n<p class=\"has-raft-accent-color has-text-color has-link-color wp-elements-f86b2991f6d347e6dbef044bde4e62f1\">0498\/07 0562<\/p>\n<\/div>\n\n\n\n<p class=\"has-raft-accent-color has-text-color has-link-color wp-elements-0fed68ef9ca774995a60cff63fb7e311\"><\/p>\n\n\n\n<div class=\"wp-block-group is-layout-flow wp-container-core-group-is-layout-a77db08e wp-block-group-is-layout-flow\">\n<p class=\"has-text-align-left has-raft-accent-color has-text-color has-link-color wp-elements-3351e0e18cac77b8701548083040ad47\" style=\"padding-top:0;padding-bottom:0\"><strong>LIEGE<\/strong><\/p>\n\n\n\n<p class=\"has-text-align-left has-raft-accent-color has-text-color has-link-color wp-elements-a7582d7abcfdd41f1c54d13bd30eff4b\" style=\"padding-top:0;padding-bottom:0\"><strong>Ria Deneut-Monsuur &#8211; Pr\u00e9sidente<\/strong><br>04\/365 83 60 ou 0483\/74 89 91<br><a href=\"mailto:ria.monsuur@live.be\">ria.monsuur@live.be<\/a><\/p>\n<\/div>\n\n\n\n<div class=\"wp-block-group is-layout-flow wp-container-core-group-is-layout-a77db08e wp-block-group-is-layout-flow\">\n<p class=\"has-text-align-left has-raft-accent-color has-text-color has-link-color wp-elements-db4a31e77c899b46d1361190bbb09712\"><strong>OLNE<\/strong><\/p>\n\n\n\n<p class=\"has-text-align-left has-raft-accent-color has-text-color has-link-color wp-elements-9a2c7c89c55fb44f05c9d6b68c5f4035\"><strong>Jeannine Molitor-Jarosz<\/strong><br>0495\/27 02 32<br><a href=\"mailto:jeajarosz@hotmail.com\">jeajarosz@hotmail.com<\/a><\/p>\n<\/div>\n\n\n\n<div class=\"wp-block-group is-layout-flow wp-container-core-group-is-layout-a77db08e wp-block-group-is-layout-flow\">\n<p class=\"has-text-align-left has-raft-accent-color has-text-color has-link-color wp-elements-22c651c604c5c975db3e8a18330fa5f4\"><\/p>\n\n\n\n<p class=\"has-text-align-left has-raft-accent-color has-text-color has-link-color wp-elements-22c651c604c5c975db3e8a18330fa5f4\"><\/p>\n\n\n\n<p class=\"has-text-align-left\"><\/p>\n\n\n\n<p><\/p>\n<\/div>\n<\/div>\n<\/div>\n<\/div>\n<\/div>\n","protected":false},"excerpt":{"rendered":"<p>Vous d\u00e9sirez participer \u00e0 un groupe de soutien ou une conf\u00e9rence ? Contactez-nous par mail ou par t\u00e9l\u00e9phone. Vous trouverez ci-dessous toutes les informations selon votre r\u00e9gion. DOUR Rosanna G\u00e9va-Ferrarini065\/65 53 38 ou 0494\/28 45 57geva.samuel@gmail.com CHAMPION Patrick Van gaver 0499\/039 45 15 CHARLEROI Elissavet Pedziwiatr-Nikola\u00efdou&nbsp;071\/39 70 75 ou 0475\/47 10 47elissavet@live.be HERSTAL et SERAING [&hellip;]<\/p>\n","protected":false},"author":1,"featured_media":0,"parent":0,"menu_order":0,"comment_status":"closed","ping_status":"closed","template":"","meta":{"_eb_attr":"","_themeisle_gutenberg_block_has_review":false,"footnotes":""},"class_list":["post-152","page","type-page","status-publish","hentry"],"acf":[],"_links":{"self":[{"href":"https:\/\/www.atescotes.org\/WPLocal\/wp-json\/wp\/v2\/pages\/152","targetHints":{"allow":["GET"]}}],"collection":[{"href":"https:\/\/www.atescotes.org\/WPLocal\/wp-json\/wp\/v2\/pages"}],"about":[{"href":"https:\/\/www.atescotes.org\/WPLocal\/wp-json\/wp\/v2\/types\/page"}],"author":[{"embeddable":true,"href":"https:\/\/www.atescotes.org\/WPLocal\/wp-json\/wp\/v2\/users\/1"}],"replies":[{"embeddable":true,"href":"https:\/\/www.atescotes.org\/WPLocal\/wp-json\/wp\/v2\/comments?post=152"}],"version-history":[{"count":22,"href":"https:\/\/www.atescotes.org\/WPLocal\/wp-json\/wp\/v2\/pages\/152\/revisions"}],"predecessor-version":[{"id":352,"href":"https:\/\/www.atescotes.org\/WPLocal\/wp-json\/wp\/v2\/pages\/152\/revisions\/352"}],"wp:attachment":[{"href":"https:\/\/www.atescotes.org\/WPLocal\/wp-json\/wp\/v2\/media?parent=152"}],"curies":[{"name":"wp","href":"https:\/\/api.w.org\/{rel}","templated":true}]}}